{"id":1576,"date":"2024-11-13T22:38:41","date_gmt":"2024-11-13T22:38:41","guid":{"rendered":"https:\/\/partyinflorida.com\/?page_id=1576"},"modified":"2026-03-10T17:33:23","modified_gmt":"2026-03-10T17:33:23","slug":"disney-orlando","status":"publish","type":"page","link":"https:\/\/partyinflorida.com\/es\/disney-orlando\/","title":{"rendered":"Disney Orlando"},"content":{"rendered":"<div data-elementor-type=\"wp-page\" data-elementor-id=\"1576\" class=\"elementor elementor-1576\">\n\t\t\t\t\t\t<section class=\"elementor-section elementor-top-section elementor-element elementor-element-1e04045 elementor-section-boxed elementor-section-height-default elementor-section-height-default\" data-id=\"1e04045\" data-element_type=\"section\" data-settings=\"{&quot;background_background&quot;:&quot;classic&quot;}\">\n\t\t\t\t\t\t\t<div class=\"elementor-background-overlay\"><\/div>\n\t\t\t\t\t\t\t<div class=\"elementor-container elementor-column-gap-no\">\n\t\t\t\t\t<div class=\"elementor-column elementor-col-100 elementor-top-column elementor-element elementor-element-bbbd438\" data-id=\"bbbd438\" data-element_type=\"column\">\n\t\t\t<div class=\"elementor-widget-wrap elementor-element-populated\">\n\t\t\t\t\t\t<div class=\"elementor-element elementor-element-6cd514e elementor-widget elementor-widget-heading\" data-id=\"6cd514e\" data-element_type=\"widget\" data-widget_type=\"heading.default\">\n\t\t\t\t<div class=\"elementor-widget-container\">\n\t\t\t\t\t<h1 class=\"elementor-heading-title elementor-size-default\">Disney Orlando<\/h1>\t\t\t\t<\/div>\n\t\t\t\t<\/div>\n\t\t\t\t\t<\/div>\n\t\t<\/div>\n\t\t\t\t\t<\/div>\n\t\t<\/section>\n\t\t\t\t<section class=\"elementor-section elementor-top-section elementor-element elementor-element-60c1c9e elementor-section-boxed elementor-section-height-default elementor-section-height-default\" data-id=\"60c1c9e\" data-element_type=\"section\">\n\t\t\t\t\t\t<div class=\"elementor-container elementor-column-gap-no\">\n\t\t\t\t\t<div class=\"elementor-column elementor-col-50 elementor-top-column elementor-element elementor-element-3f1dadf\" data-id=\"3f1dadf\" data-element_type=\"column\" data-settings=\"{&quot;background_background&quot;:&quot;classic&quot;}\">\n\t\t\t<div class=\"elementor-widget-wrap elementor-element-populated\">\n\t\t\t\t\t\t<div class=\"elementor-element elementor-element-1126aa2 elementor-widget elementor-widget-text-editor\" data-id=\"1126aa2\" data-element_type=\"widget\" data-widget_type=\"text-editor.default\">\n\t\t\t\t<div class=\"elementor-widget-container\">\n\t\t\t\t\t\t\t\t\t<p data-path-to-node=\"8\"><b data-path-to-node=\"8\" data-index-in-node=\"0\">\u00a1Vive la magia en Walt Disney World!<\/b> Viajar a Disney Orlando es sumergirse en un mundo donde la fantas\u00eda se vuelve realidad y cada rinc\u00f3n cuenta una historia inolvidable. La principal ventaja de este destino es su capacidad de ofrecer algo para todos: desde emocionantes monta\u00f1as rusas de \u00faltima tecnolog\u00eda y encuentros con tus personajes favoritos, hasta espect\u00e1culos nocturnos que te dejar\u00e1n sin aliento. Al elegir Orlando, disfrutas de una infraestructura de primer nivel, resorts tem\u00e1ticos que te envuelven en el confort y una oferta gastron\u00f3mica global que complementa la aventura.<\/p><p data-path-to-node=\"9\">Es la oportunidad perfecta para reconectar con tu ni\u00f1o interior y crear recuerdos invaluables con tus seres queridos. Disfrutar\u00e1s de cuatro parques tem\u00e1ticos \u00fanicos, parques acu\u00e1ticos refrescantes y el vibrante ambiente de Disney Springs. No es solo un viaje, es una inversi\u00f3n en felicidad donde la atenci\u00f3n al detalle y el servicio excepcional garantizan que tu \u00fanica preocupaci\u00f3n sea disfrutar al m\u00e1ximo. \u00a1El lugar m\u00e1s m\u00e1gico de la Tierra te est\u00e1 esperando para escribir tu propio cuento de hadas!<\/p>\t\t\t\t\t\t\t\t<\/div>\n\t\t\t\t<\/div>\n\t\t\t\t<div class=\"elementor-element elementor-element-3558008 elementor-align-center elementor-widget elementor-widget-button\" data-id=\"3558008\" data-element_type=\"widget\" data-widget_type=\"button.default\">\n\t\t\t\t<div class=\"elementor-widget-container\">\n\t\t\t\t\t\t\t\t\t<div class=\"elementor-button-wrapper\">\n\t\t\t\t\t<a class=\"elementor-button elementor-button-link elementor-size-sm\" href=\"#\">\n\t\t\t\t\t\t<span class=\"elementor-button-content-wrapper\">\n\t\t\t\t\t\t\t\t\t<span class=\"elementor-button-text\">Desde 1550$<\/span>\n\t\t\t\t\t<\/span>\n\t\t\t\t\t<\/a>\n\t\t\t\t<\/div>\n\t\t\t\t\t\t\t\t<\/div>\n\t\t\t\t<\/div>\n\t\t\t\t\t<\/div>\n\t\t<\/div>\n\t\t\t\t<div class=\"elementor-column elementor-col-50 elementor-top-column elementor-element elementor-element-a17852a\" data-id=\"a17852a\" data-element_type=\"column\" data-settings=\"{&quot;background_background&quot;:&quot;classic&quot;}\">\n\t\t\t<div class=\"elementor-widget-wrap elementor-element-populated\">\n\t\t\t\t\t\t<div class=\"elementor-element elementor-element-4539147 elementor-widget__width-auto e-transform elementor-widget elementor-widget-image\" data-id=\"4539147\" data-element_type=\"widget\" data-settings=\"{&quot;_transform_translateX_effect&quot;:{&quot;unit&quot;:&quot;px&quot;,&quot;size&quot;:-28,&quot;sizes&quot;:[]},&quot;_transform_translateY_effect&quot;:{&quot;unit&quot;:&quot;px&quot;,&quot;size&quot;:0,&quot;sizes&quot;:[]},&quot;_transform_translateX_effect_tablet&quot;:{&quot;unit&quot;:&quot;px&quot;,&quot;size&quot;:0,&quot;sizes&quot;:[]},&quot;_transform_translateX_effect_mobile&quot;:{&quot;unit&quot;:&quot;px&quot;,&quot;size&quot;:&quot;&quot;,&quot;sizes&quot;:[]},&quot;_transform_translateY_effect_tablet&quot;:{&quot;unit&quot;:&quot;px&quot;,&quot;size&quot;:&quot;&quot;,&quot;sizes&quot;:[]},&quot;_transform_translateY_effect_mobile&quot;:{&quot;unit&quot;:&quot;px&quot;,&quot;size&quot;:&quot;&quot;,&quot;sizes&quot;:[]}}\" data-widget_type=\"image.default\">\n\t\t\t\t<div class=\"elementor-widget-container\">\n\t\t\t\t\t\t\t\t\t\t\t\t\t\t\t<img fetchpriority=\"high\" decoding=\"async\" width=\"1280\" height=\"853\" src=\"https:\/\/partyinflorida.com\/wp-content\/uploads\/2026\/03\/gedd6da478480f5f4563d0e330dde2cf812e96adc88589360ef09861f08935193797eb2a021a7c4ba8e62cc6ef13954a94cf8c238b8b08f8c1844fb9844b17ed1_1280-2722062.jpg\" class=\"elementor-animation-bob attachment-full size-full wp-image-2288\" alt=\"minie, disney, mickey, disney, disney, disney, disney, disney, mickey\" srcset=\"https:\/\/partyinflorida.com\/wp-content\/uploads\/2026\/03\/gedd6da478480f5f4563d0e330dde2cf812e96adc88589360ef09861f08935193797eb2a021a7c4ba8e62cc6ef13954a94cf8c238b8b08f8c1844fb9844b17ed1_1280-2722062.jpg 1280w, https:\/\/partyinflorida.com\/wp-content\/uploads\/2026\/03\/gedd6da478480f5f4563d0e330dde2cf812e96adc88589360ef09861f08935193797eb2a021a7c4ba8e62cc6ef13954a94cf8c238b8b08f8c1844fb9844b17ed1_1280-2722062-300x200.jpg 300w, https:\/\/partyinflorida.com\/wp-content\/uploads\/2026\/03\/gedd6da478480f5f4563d0e330dde2cf812e96adc88589360ef09861f08935193797eb2a021a7c4ba8e62cc6ef13954a94cf8c238b8b08f8c1844fb9844b17ed1_1280-2722062-1024x682.jpg 1024w, https:\/\/partyinflorida.com\/wp-content\/uploads\/2026\/03\/gedd6da478480f5f4563d0e330dde2cf812e96adc88589360ef09861f08935193797eb2a021a7c4ba8e62cc6ef13954a94cf8c238b8b08f8c1844fb9844b17ed1_1280-2722062-768x512.jpg 768w, https:\/\/partyinflorida.com\/wp-content\/uploads\/2026\/03\/gedd6da478480f5f4563d0e330dde2cf812e96adc88589360ef09861f08935193797eb2a021a7c4ba8e62cc6ef13954a94cf8c238b8b08f8c1844fb9844b17ed1_1280-2722062-18x12.jpg 18w\" sizes=\"(max-width: 1280px) 100vw, 1280px\" \/>\t\t\t\t\t\t\t\t\t\t\t\t\t\t\t<\/div>\n\t\t\t\t<\/div>\n\t\t\t\t<div class=\"elementor-element elementor-element-fd1ed6c elementor-widget__width-auto e-transform elementor-widget elementor-widget-image\" data-id=\"fd1ed6c\" data-element_type=\"widget\" data-settings=\"{&quot;_transform_translateX_effect&quot;:{&quot;unit&quot;:&quot;px&quot;,&quot;size&quot;:-28,&quot;sizes&quot;:[]},&quot;_transform_translateY_effect&quot;:{&quot;unit&quot;:&quot;px&quot;,&quot;size&quot;:0,&quot;sizes&quot;:[]},&quot;_transform_translateX_effect_tablet&quot;:{&quot;unit&quot;:&quot;px&quot;,&quot;size&quot;:0,&quot;sizes&quot;:[]},&quot;_transform_translateX_effect_mobile&quot;:{&quot;unit&quot;:&quot;px&quot;,&quot;size&quot;:&quot;&quot;,&quot;sizes&quot;:[]},&quot;_transform_translateY_effect_tablet&quot;:{&quot;unit&quot;:&quot;px&quot;,&quot;size&quot;:&quot;&quot;,&quot;sizes&quot;:[]},&quot;_transform_translateY_effect_mobile&quot;:{&quot;unit&quot;:&quot;px&quot;,&quot;size&quot;:&quot;&quot;,&quot;sizes&quot;:[]}}\" data-widget_type=\"image.default\">\n\t\t\t\t<div class=\"elementor-widget-container\">\n\t\t\t\t\t\t\t\t\t\t\t\t\t\t\t<img decoding=\"async\" width=\"2560\" height=\"1705\" src=\"https:\/\/partyinflorida.com\/wp-content\/uploads\/2026\/03\/pexels-photo-8183994-8183994-scaled.jpg\" class=\"elementor-animation-bob attachment-full size-full wp-image-2289\" alt=\"Stunning low-angle view of the iconic Cinderella Castle at Disney World, capturing its architectural beauty.\" srcset=\"https:\/\/partyinflorida.com\/wp-content\/uploads\/2026\/03\/pexels-photo-8183994-8183994-scaled.jpg 2560w, https:\/\/partyinflorida.com\/wp-content\/uploads\/2026\/03\/pexels-photo-8183994-8183994-300x200.jpg 300w, https:\/\/partyinflorida.com\/wp-content\/uploads\/2026\/03\/pexels-photo-8183994-8183994-1024x682.jpg 1024w, https:\/\/partyinflorida.com\/wp-content\/uploads\/2026\/03\/pexels-photo-8183994-8183994-768x512.jpg 768w, https:\/\/partyinflorida.com\/wp-content\/uploads\/2026\/03\/pexels-photo-8183994-8183994-1536x1023.jpg 1536w, https:\/\/partyinflorida.com\/wp-content\/uploads\/2026\/03\/pexels-photo-8183994-8183994-2048x1364.jpg 2048w, https:\/\/partyinflorida.com\/wp-content\/uploads\/2026\/03\/pexels-photo-8183994-8183994-18x12.jpg 18w\" sizes=\"(max-width: 2560px) 100vw, 2560px\" \/>\t\t\t\t\t\t\t\t\t\t\t\t\t\t\t<\/div>\n\t\t\t\t<\/div>\n\t\t\t\t<div class=\"elementor-element elementor-element-672f5cf elementor-widget-divider--view-line elementor-widget elementor-widget-divider\" data-id=\"672f5cf\" data-element_type=\"widget\" data-widget_type=\"divider.default\">\n\t\t\t\t<div class=\"elementor-widget-container\">\n\t\t\t\t\t\t\t<div class=\"elementor-divider\">\n\t\t\t<span class=\"elementor-divider-separator\">\n\t\t\t\t\t\t<\/span>\n\t\t<\/div>\n\t\t\t\t\t\t<\/div>\n\t\t\t\t<\/div>\n\t\t\t\t\t<\/div>\n\t\t<\/div>\n\t\t\t\t\t<\/div>\n\t\t<\/section>\n\t\t<div class=\"elementor-element elementor-element-85421d2 e-flex e-con-boxed e-con e-parent\" data-id=\"85421d2\" data-element_type=\"container\" data-settings=\"{&quot;background_background&quot;:&quot;classic&quot;}\">\n\t\t\t\t\t<div class=\"e-con-inner\">\n\t\t<div class=\"elementor-element elementor-element-8ccc2cc e-con-full e-flex e-con e-child\" data-id=\"8ccc2cc\" data-element_type=\"container\">\n\t\t\t\t<div class=\"elementor-element elementor-element-a777f64 elementor-widget elementor-widget-heading\" data-id=\"a777f64\" data-element_type=\"widget\" data-widget_type=\"heading.default\">\n\t\t\t\t<div class=\"elementor-widget-container\">\n\t\t\t\t\t<h2 class=\"elementor-heading-title elementor-size-default\">\u00a1P\u00f3ngase en contacto hoy mismo!<\/h2>\t\t\t\t<\/div>\n\t\t\t\t<\/div>\n\t\t\t\t<div class=\"elementor-element elementor-element-abde729 elementor-widget elementor-widget-heading\" data-id=\"abde729\" data-element_type=\"widget\" data-widget_type=\"heading.default\">\n\t\t\t\t<div class=\"elementor-widget-container\">\n\t\t\t\t\t<h3 class=\"elementor-heading-title elementor-size-default\">Estamos aqu\u00ed para crear la escapada perfecta para usted.<\/h3>\t\t\t\t<\/div>\n\t\t\t\t<\/div>\n\t\t\t\t<\/div>\n\t\t<div class=\"elementor-element elementor-element-6c1b968 e-con-full e-flex e-con e-child\" data-id=\"6c1b968\" data-element_type=\"container\">\n\t\t\t\t<div class=\"elementor-element elementor-element-57c8f23 elementor-align-center elementor-widget elementor-widget-button\" data-id=\"57c8f23\" data-element_type=\"widget\" data-widget_type=\"button.default\">\n\t\t\t\t<div class=\"elementor-widget-container\">\n\t\t\t\t\t\t\t\t\t<div class=\"elementor-button-wrapper\">\n\t\t\t\t\t<a class=\"elementor-button elementor-button-link elementor-size-sm\" href=\"https:\/\/partyinflorida.com\/es\/contact-us\/\">\n\t\t\t\t\t\t<span class=\"elementor-button-content-wrapper\">\n\t\t\t\t\t\t\t\t\t<span class=\"elementor-button-text\">CONT\u00c1CTANOS \u2192<\/span>\n\t\t\t\t\t<\/span>\n\t\t\t\t\t<\/a>\n\t\t\t\t<\/div>\n\t\t\t\t\t\t\t\t<\/div>\n\t\t\t\t<\/div>\n\t\t\t\t<\/div>\n\t\t\t\t\t<\/div>\n\t\t\t\t<\/div>\n\t\t\t\t<\/div>","protected":false},"excerpt":{"rendered":"<p>Disney Orlando Experience the Magic at Walt Disney World! Traveling to Disney Orlando means immersing yourself in a world where fantasy becomes reality and every corner tells an unforgettable story. The main advantage of this destination is its ability to offer something for everyone: from thrilling, high-tech roller coasters and encounters with your favorite characters [&hellip;]<\/p>","protected":false},"author":1,"featured_media":0,"parent":0,"menu_order":0,"comment_status":"closed","ping_status":"closed","template":"","meta":{"site-sidebar-layout":"no-sidebar","site-content-layout":"page-builder","ast-site-content-layout":"full-width-container","site-content-style":"unboxed","site-sidebar-style":"unboxed","ast-global-header-display":"","ast-banner-title-visibility":"","ast-main-header-display":"","ast-hfb-above-header-display":"","ast-hfb-below-header-display":"","ast-hfb-mobile-header-display":"","site-post-title":"disabled","ast-breadcrumbs-content":"","ast-featured-img":"disabled","footer-sml-layout":"","theme-transparent-header-meta":"enabled","adv-header-id-meta":"","stick-header-meta":"","header-above-stick-meta":"","header-main-stick-meta":"","header-below-stick-meta":"","astra-migrate-meta-layouts":"set","ast-page-background-enabled":"default","ast-page-background-meta":{"desktop":{"background-color":"","background-image":"","background-repeat":"repeat","background-position":"center center","background-size":"auto","background-attachment":"scroll","background-type":"","background-media":"","overlay-type":"","overlay-color":"","overlay-opacity":"","overlay-gradient":""},"tablet":{"background-color":"","background-image":"","background-repeat":"repeat","background-position":"center center","background-size":"auto","background-attachment":"scroll","background-type":"","background-media":"","overlay-type":"","overlay-color":"","overlay-opacity":"","overlay-gradient":""},"mobile":{"background-color":"","background-image":"","background-repeat":"repeat","background-position":"center center","background-size":"auto","background-attachment":"scroll","background-type":"","background-media":"","overlay-type":"","overlay-color":"","overlay-opacity":"","overlay-gradient":""}},"ast-content-background-meta":{"desktop":{"background-color":"var(--ast-global-color-5)","background-image":"","background-repeat":"repeat","background-position":"center center","background-size":"auto","background-attachment":"scroll","background-type":"","background-media":"","overlay-type":"","overlay-color":"","overlay-opacity":"","overlay-gradient":""},"tablet":{"background-color":"var(--ast-global-color-5)","background-image":"","background-repeat":"repeat","background-position":"center center","background-size":"auto","background-attachment":"scroll","background-type":"","background-media":"","overlay-type":"","overlay-color":"","overlay-opacity":"","overlay-gradient":""},"mobile":{"background-color":"var(--ast-global-color-5)","background-image":"","background-repeat":"repeat","background-position":"center center","background-size":"auto","background-attachment":"scroll","background-type":"","background-media":"","overlay-type":"","overlay-color":"","overlay-opacity":"","overlay-gradient":""}},"footnotes":""},"class_list":["post-1576","page","type-page","status-publish","hentry"],"aioseo_notices":[],"_links":{"self":[{"href":"https:\/\/partyinflorida.com\/es\/wp-json\/wp\/v2\/pages\/1576"}],"collection":[{"href":"https:\/\/partyinflorida.com\/es\/wp-json\/wp\/v2\/pages"}],"about":[{"href":"https:\/\/partyinflorida.com\/es\/wp-json\/wp\/v2\/types\/page"}],"author":[{"embeddable":true,"href":"https:\/\/partyinflorida.com\/es\/wp-json\/wp\/v2\/users\/1"}],"replies":[{"embeddable":true,"href":"https:\/\/partyinflorida.com\/es\/wp-json\/wp\/v2\/comments?post=1576"}],"version-history":[{"count":26,"href":"https:\/\/partyinflorida.com\/es\/wp-json\/wp\/v2\/pages\/1576\/revisions"}],"predecessor-version":[{"id":2311,"href":"https:\/\/partyinflorida.com\/es\/wp-json\/wp\/v2\/pages\/1576\/revisions\/2311"}],"wp:attachment":[{"href":"https:\/\/partyinflorida.com\/es\/wp-json\/wp\/v2\/media?parent=1576"}],"curies":[{"name":"wp","href":"https:\/\/api.w.org\/{rel}","templated":true}]}}